{"id":7044,"date":"2020-01-24T21:36:16","date_gmt":"2020-01-24T18:36:16","guid":{"rendered":"https:\/\/eurobotik.com\/plastik-kesim\/"},"modified":"2021-07-26T17:14:00","modified_gmt":"2021-07-26T14:14:00","slug":"laser-cutting","status":"publish","type":"page","link":"https:\/\/eurobotik.com\/en\/laser-cutting\/","title":{"rendered":"Laser Cutting"},"content":{"rendered":"[vc_row type=&#8221;in_container&#8221; full_screen_row_position=&#8221;middle&#8221; column_margin=&#8221;default&#8221; column_direction=&#8221;default&#8221; column_direction_tablet=&#8221;default&#8221; column_direction_phone=&#8221;default&#8221; scene_position=&#8221;center&#8221; text_color=&#8221;dark&#8221; text_align=&#8221;left&#8221; row_border_radius=&#8221;none&#8221; row_border_radius_applies=&#8221;bg&#8221; overlay_strength=&#8221;0.3&#8243; gradient_direction=&#8221;left_to_right&#8221; shape_divider_position=&#8221;bottom&#8221; bg_image_animation=&#8221;none&#8221;][vc_column column_padding=&#8221;no-extra-padding&#8221; column_padding_tablet=&#8221;inherit&#8221; column_padding_phone=&#8221;inherit&#8221; column_padding_position=&#8221;all&#8221; column_element_spacing=&#8221;default&#8221; background_color_opacity=&#8221;1&#8243; background_hover_color_opacity=&#8221;1&#8243; column_shadow=&#8221;none&#8221; column_border_radius=&#8221;none&#8221; column_link_target=&#8221;_self&#8221; gradient_direction=&#8221;left_to_right&#8221; overlay_strength=&#8221;0.3&#8243; width=&#8221;1\/2&#8243; tablet_width_inherit=&#8221;default&#8221; tablet_text_alignment=&#8221;default&#8221; phone_text_alignment=&#8221;default&#8221; bg_image_animation=&#8221;none&#8221; border_type=&#8221;simple&#8221; column_border_width=&#8221;none&#8221; column_border_style=&#8221;solid&#8221;][divider line_type=&#8221;No Line&#8221; custom_height=&#8221;75&#8243;][vc_custom_heading text=&#8221;Laser Cutting&#8221; font_container=&#8221;tag:h3|text_align:left&#8221; google_fonts=&#8221;font_family:Roboto%3A100%2C100italic%2C300%2C300italic%2Cregular%2Citalic%2C500%2C500italic%2C700%2C700italic%2C900%2C900italic|font_style:400%20regular%3A400%3Anormal&#8221;][divider line_type=&#8221;No Line&#8221; custom_height=&#8221;15&#8243;][vc_column_text]\n<div>Laser cutting is a manufacturing process that uses a thin, focused laser beam to cut materials into special designs, patterns, and shapes. This non-contact, thermal-based manufacturing process is ideal for a variety of materials including wood, glass, paper, metal, plastic and gemstone.<\/div>\n[\/vc_column_text][vc_column_text]\n<div>Today, laser cutting has found a home in industries such as electronics, medicine, aerospace, automotive, and semiconductors. One of the most common applications is cutting metals such as steel, aluminum, tungsten, brass, nickel \u2013because lasers offer clean cuts and smooth finishes. Lasers are also used to cut plastics, ceramics, silicones and other non-metal metals.<\/div>\n[\/vc_column_text][divider line_type=&#8221;No Line&#8221; custom_height=&#8221;15&#8243;][vc_column_text]\n<h4><strong>Laser Types<\/strong><\/h4>\n<h4><\/h4>\n[\/vc_column_text][divider line_type=&#8221;No Line&#8221; custom_height=&#8221;15&#8243;][vc_column_text]\n<ul>\n<li><strong>CO2 Lasers<\/strong><\/li>\n<\/ul>\n<div>The cutting is done using electrically-stimulated CO2. The CO2 laser is produced in a mixture that consists of other gases like nitrogen and helium. CO2 lasers emit a 10.6- micrometer wavelength, and a CO2 laser has enough energy to pierce through a thicker material compared to a fiber laser with the same power. These lasers also give a smoother finish when used to cut thicker materials.<\/div>\n<div>\n<div><\/div>\n<div><strong>Materials:<\/strong> Glass, some plastics, some foams, leather, paper-based products, wood, acrylic<\/div>\n<\/div>\n[\/vc_column_text][divider line_type=&#8221;No Line&#8221; custom_height=&#8221;15&#8243;][vc_column_text]\n<ul>\n<li><strong>Fiber Lasers<\/strong><\/li>\n<\/ul>\n<p>Cutting is done using fiberglass. The lasers originate from a \u201cseed laser\u201d before being amplified via special fibers. Fiber lasers are in the same category with disk lasers and nd:YAG, and belong to a family called \u201csolid-state lasers\u201d. Compared to a gas laser, fiber lasers do not have moving parts, are two to three times more energy-efficient, and are capable of cutting reflective materials without fear of back reflections. These lasers can work with both metal and non-metal materials.<\/p>\n<div><\/div>\n<div><strong>Materials:<\/strong> Plastics and metals<\/div>\n[\/vc_column_text][divider line_type=&#8221;No Line&#8221; custom_height=&#8221;15&#8243;][vc_column_text]\n<ul>\n<li><strong>Crystal Lasers<\/strong><\/li>\n<\/ul>\n<div>Crystal lasers generate beams from nd:YVO (neodymium-doped yttrium ortho-vanadate) and nd:YAG (neodymium-doped yttrium aluminum garnet). They can cut through thicker and stronger materials because they have smaller wavelengths compared to C02 lasers, which means they have a higher<\/div>\n<div>intensity. But since they are high power, their parts wear out quickly.<\/div>\n<div><\/div>\n<div><strong>Materials:<\/strong> Plastics, metals, and some types of ceramics<\/div>\n[\/vc_column_text][divider line_type=&#8221;No Line&#8221; custom_height=&#8221;20&#8243;][vc_column_text]\n<h4><strong>Benefits of Laser Cutting<\/strong><\/h4>\n<ul>\n<li>High precision and accuracy<\/li>\n<li>High production speed<\/li>\n<li>Wide material compatibility<\/li>\n<li>Optimal material utilization<\/li>\n<li>Intricate part cutting<\/li>\n<li>No risk of contamination (since it\u2019s a contactless process)<\/li>\n<li>Minimal distortion on parts due to a small heat-affected zone<\/li>\n<\/ul>\n[\/vc_column_text][divider line_type=&#8221;No Line&#8221; custom_height=&#8221;20&#8243;][vc_column_text]\n<h4><strong>Applications for Robotic Laser Cutting<\/strong><\/h4>\n<div>Not all applications are suitable for robotic laser cutting. Some key factors to consider are:<\/div>\n<ul>\n<li>Some parts have complex shapes. These parts may have ideal robotic applications, provided enough access space exists for the cutting head. High-volume flat-sheet cutting can be done more cost-effectively by a dedicated 2-D laser cutting machine. However, if both 2-D and 3-D cutting are required, a robotic laser cutting system can be suitable.<\/li>\n<li>Parts such as hydroformed tube sections used in automotive frames that have closed sections where holes can&#8217;t be punched because of limited access to the back of the material are another candidate for a robotic system.<\/li>\n<li>The part production volume should be high to cost the robotic laser cutting equipment and fixtures.<\/li>\n<li>For most robotic laser cutting applications, aluminum and steel parts should be 0.5 to 5 millimeters thick. Cutting thickness capacity depends on laser performance and power; for example, aluminum requires more power than steel to cut the same thickness. As the power of the laser increases, so does the cost of the laser generator.<\/li>\n<li>Material coatings also play a role in cutting. For instance, zinc-coated steel can reduce cutting speed, while anodized aluminum can improve cutting speed.<\/li>\n<li>Part location must be repeatable and allow access to all areas to be cut.<\/li>\n<\/ul>\n[\/vc_column_text][divider line_type=&#8221;No Line&#8221; custom_height=&#8221;20&#8243;][vc_column_text]\n<div>Using robots for robotic laser cutting creates substantial cost-saving benefits while providing more accurate cutting and flexibility. <strong>Eurobotik\u2019s<\/strong> robotic laser cutting solutions are custom-tailored to your unique specifications and project expectations.<\/div>\n<div><a href=\"https:\/\/eurobotik.com\/en\/iletisim\/\">Contact<\/a> <strong>Eurobotik<\/strong> today and let us develop a custom robotic laser cutting solution.<\/div>\n[\/vc_column_text][\/vc_column][vc_column column_padding=&#8221;no-extra-padding&#8221; column_padding_tablet=&#8221;inherit&#8221; column_padding_phone=&#8221;inherit&#8221; column_padding_position=&#8221;all&#8221; column_element_spacing=&#8221;default&#8221; background_color_opacity=&#8221;1&#8243; background_hover_color_opacity=&#8221;1&#8243; column_shadow=&#8221;none&#8221; column_border_radius=&#8221;none&#8221; column_link_target=&#8221;_self&#8221; gradient_direction=&#8221;left_to_right&#8221; overlay_strength=&#8221;0.3&#8243; width=&#8221;1\/2&#8243; tablet_width_inherit=&#8221;default&#8221; tablet_text_alignment=&#8221;default&#8221; phone_text_alignment=&#8221;default&#8221; bg_image_animation=&#8221;none&#8221; border_type=&#8221;simple&#8221; column_border_width=&#8221;none&#8221; column_border_style=&#8221;solid&#8221;][divider line_type=&#8221;No Line&#8221; custom_height=&#8221;75&#8243;][nectar_image_with_hotspots image=&#8221;6555&#8243; preview=&#8221;http:\/\/eurobotik.com\/wp-content\/uploads\/2020\/01\/Eurobotik-Laser_line-1-scaled.jpg&#8221; color_1=&#8221;Accent-Color&#8221; hotspot_icon=&#8221;numerical&#8221; tooltip=&#8221;hover&#8221; tooltip_shadow=&#8221;none&#8221;][nectar_hotspot left=&#8221;4.2654%&#8221; top=&#8221;36.3315%&#8221; position=&#8221;top&#8221;]\n<h4>Kontrol \u00dcnitesi &amp; Programlama \u0130stasyonu<\/h4>\n[\/nectar_hotspot][nectar_hotspot left=&#8221;34.3787%&#8221; top=&#8221;10.6838%&#8221; position=&#8221;top&#8221;]\n<h4>6 Eksen End\u00fcstriyel Robot<\/h4>\n[\/nectar_hotspot][nectar_hotspot left=&#8221;30.3429%&#8221; top=&#8221;42.3144%&#8221; position=&#8221;top&#8221;]\n<h4>Aktifle\u015ftirilebilir ba\u011f\u0131ms\u0131z h\u00fccreler<\/h4>\n[\/nectar_hotspot][nectar_hotspot left=&#8221;59.9859%&#8221; top=&#8221;38.4682%&#8221; position=&#8221;top&#8221;]\n<h4>De\u011fi\u015ftirilebilir \u00dcr\u00fcn Gripperlar\u0131<\/h4>\n[\/nectar_hotspot][nectar_hotspot left=&#8221;71.1308%&#8221; top=&#8221;25.2137%&#8221; position=&#8221;top&#8221;]\n<h4>2 Eksen Galvo Lazer<\/h4>\n[\/nectar_hotspot][nectar_hotspot left=&#8221;86.778%&#8221; top=&#8221;63.2545%&#8221; position=&#8221;top&#8221;]\n<h4>2 Eksen Galvo Lazer<\/h4>\n[\/nectar_hotspot][\/nectar_image_with_hotspots][\/vc_column][\/vc_row][vc_row type=&#8221;in_container&#8221; full_screen_row_position=&#8221;middle&#8221; column_margin=&#8221;default&#8221; column_direction=&#8221;default&#8221; column_direction_tablet=&#8221;default&#8221; column_direction_phone=&#8221;default&#8221; scene_position=&#8221;center&#8221; text_color=&#8221;dark&#8221; text_align=&#8221;left&#8221; row_border_radius=&#8221;none&#8221; row_border_radius_applies=&#8221;bg&#8221; overlay_strength=&#8221;0.3&#8243; gradient_direction=&#8221;left_to_right&#8221; shape_divider_position=&#8221;bottom&#8221; bg_image_animation=&#8221;none&#8221;][vc_column column_padding=&#8221;no-extra-padding&#8221; column_padding_tablet=&#8221;inherit&#8221; column_padding_phone=&#8221;inherit&#8221; column_padding_position=&#8221;all&#8221; column_element_spacing=&#8221;default&#8221; background_color_opacity=&#8221;1&#8243; background_hover_color_opacity=&#8221;1&#8243; column_shadow=&#8221;none&#8221; column_border_radius=&#8221;none&#8221; column_link_target=&#8221;_self&#8221; gradient_direction=&#8221;left_to_right&#8221; overlay_strength=&#8221;0.3&#8243; width=&#8221;1\/2&#8243; tablet_width_inherit=&#8221;default&#8221; tablet_text_alignment=&#8221;default&#8221; phone_text_alignment=&#8221;default&#8221; bg_image_animation=&#8221;none&#8221; border_type=&#8221;simple&#8221; column_border_width=&#8221;none&#8221; column_border_style=&#8221;solid&#8221;][\/vc_column][vc_column column_padding=&#8221;no-extra-padding&#8221; column_padding_tablet=&#8221;inherit&#8221; column_padding_phone=&#8221;inherit&#8221; column_padding_position=&#8221;all&#8221; column_element_spacing=&#8221;default&#8221; background_color_opacity=&#8221;1&#8243; background_hover_color_opacity=&#8221;1&#8243; column_shadow=&#8221;none&#8221; column_border_radius=&#8221;none&#8221; column_link_target=&#8221;_self&#8221; gradient_direction=&#8221;left_to_right&#8221; overlay_strength=&#8221;0.3&#8243; width=&#8221;1\/2&#8243; tablet_width_inherit=&#8221;default&#8221; tablet_text_alignment=&#8221;default&#8221; phone_text_alignment=&#8221;default&#8221; bg_image_animation=&#8221;none&#8221; border_type=&#8221;simple&#8221; column_border_width=&#8221;none&#8221; column_border_style=&#8221;solid&#8221;][nectar_btn size=&#8221;large&#8221; button_style=&#8221;see-through&#8221; button_color_2=&#8221;Accent-Color&#8221; color_override=&#8221;#008173&#8243; icon_family=&#8221;fontawesome&#8221; url=&#8221;https:\/\/eurobotik.com\/en\/plasma-cutting\/&#8221; text=&#8221;Plasma Cutting&#8221; icon_fontawesome=&#8221;fa fa-long-arrow-right&#8221; margin_left=&#8221;425px&#8221;][\/vc_column][\/vc_row]\n","protected":false},"excerpt":{"rendered":"<p>[vc_row type=&#8221;in_container&#8221; full_screen_row_position=&#8221;middle&#8221; column_margin=&#8221;default&#8221; column_direction=&#8221;default&#8221; column_direction_tablet=&#8221;default&#8221; column_direction_phone=&#8221;default&#8221; scene_position=&#8221;center&#8221; text_color=&#8221;dark&#8221; text_align=&#8221;left&#8221; row_border_radius=&#8221;none&#8221; row_border_radius_applies=&#8221;bg&#8221; overlay_strength=&#8221;0.3&#8243; gradient_direction=&#8221;left_to_right&#8221; shape_divider_position=&#8221;bottom&#8221;&#8230;<\/p>\n","protected":false},"author":4,"featured_media":0,"parent":0,"menu_order":0,"comment_status":"closed","ping_status":"closed","template":"","meta":{"inline_featured_image":false,"footnotes":""},"class_list":["post-7044","page","type-page","status-publish"],"_links":{"self":[{"href":"https:\/\/eurobotik.com\/en\/wp-json\/wp\/v2\/pages\/7044","targetHints":{"allow":["GET"]}}],"collection":[{"href":"https:\/\/eurobotik.com\/en\/wp-json\/wp\/v2\/pages"}],"about":[{"href":"https:\/\/eurobotik.com\/en\/wp-json\/wp\/v2\/types\/page"}],"author":[{"embeddable":true,"href":"https:\/\/eurobotik.com\/en\/wp-json\/wp\/v2\/users\/4"}],"replies":[{"embeddable":true,"href":"https:\/\/eurobotik.com\/en\/wp-json\/wp\/v2\/comments?post=7044"}],"version-history":[{"count":9,"href":"https:\/\/eurobotik.com\/en\/wp-json\/wp\/v2\/pages\/7044\/revisions"}],"predecessor-version":[{"id":8673,"href":"https:\/\/eurobotik.com\/en\/wp-json\/wp\/v2\/pages\/7044\/revisions\/8673"}],"wp:attachment":[{"href":"https:\/\/eurobotik.com\/en\/wp-json\/wp\/v2\/media?parent=7044"}],"curies":[{"name":"wp","href":"https:\/\/api.w.org\/{rel}","templated":true}]}}