{"id":7065,"date":"2020-01-24T22:35:17","date_gmt":"2020-01-24T19:35:17","guid":{"rendered":"https:\/\/eurobotik.com\/kondenser-bantlama-sistemleri\/"},"modified":"2021-05-29T14:17:03","modified_gmt":"2021-05-29T11:17:03","slug":"condenser-taping-systems","status":"publish","type":"page","link":"https:\/\/eurobotik.com\/en\/condenser-taping-systems\/","title":{"rendered":"Condenser Taping Systems"},"content":{"rendered":"[vc_row type=&#8221;in_container&#8221; full_screen_row_position=&#8221;middle&#8221; column_margin=&#8221;default&#8221; scene_position=&#8221;center&#8221; text_color=&#8221;dark&#8221; text_align=&#8221;left&#8221; overlay_strength=&#8221;0.3&#8243; shape_divider_position=&#8221;bottom&#8221; bg_image_animation=&#8221;none&#8221;][vc_column column_padding=&#8221;no-extra-padding&#8221; column_padding_position=&#8221;all&#8221; background_color_opacity=&#8221;1&#8243; background_hover_color_opacity=&#8221;1&#8243; column_link_target=&#8221;_self&#8221; column_shadow=&#8221;none&#8221; column_border_radius=&#8221;none&#8221; width=&#8221;2\/3&#8243; tablet_width_inherit=&#8221;default&#8221; tablet_text_alignment=&#8221;default&#8221; phone_text_alignment=&#8221;default&#8221; overlay_strength=&#8221;0.3&#8243; column_border_width=&#8221;none&#8221; column_border_style=&#8221;solid&#8221; bg_image_animation=&#8221;none&#8221;][divider line_type=&#8221;No Line&#8221; custom_height=&#8221;75&#8243;][vc_custom_heading text=&#8221;Condenser Taping Systems&#8221; font_container=&#8221;tag:h3|text_align:left&#8221; google_fonts=&#8221;font_family:Roboto%3A100%2C100italic%2C300%2C300italic%2Cregular%2Citalic%2C500%2C500italic%2C700%2C700italic%2C900%2C900italic|font_style:400%20regular%3A400%3Anormal&#8221;][vc_column_text css=&#8221;.vc_custom_1580287835025{background-color: #8bd4cc !important;}&#8221;]It adds speed to production thanks to multiple banding.[\/vc_column_text][divider line_type=&#8221;No Line&#8221; custom_height=&#8221;25&#8243;][vc_column_text]\n<div class=\"eight columns vc-column-extra-class-5e2b226d4b069\" data-parallax_sense=\"30\">\n<div class=\"wpb_wrapper\">\n<div class=\"dfd-spacer-module\" data-units=\"px\" data-wide_size=\"10\" data-normal_resolution=\"1024\" data-normal_size=\"\" data-tablet_resolution=\"800\" data-tablet_size=\"\" data-mobile_resolution=\"480\" data-mobile_size=\"\">\n<div class=\"wpb_text_column wpb_content_element \">\n<div class=\"wpb_wrapper\">\n<p>2-12 rows of insulation taping can be done at one time with the specially designed robot hand for condenser dipping process on the refrigerator side sheet panels.<\/p>\n<p>It provides advantage in banding quality and cycle times with interchangeable banding hand in mass production stages.<\/p>\n<\/div>\n<\/div>\n<\/div>\n<\/div>\n<\/div>\n[\/vc_column_text][\/vc_column][vc_column column_padding=&#8221;no-extra-padding&#8221; column_padding_position=&#8221;all&#8221; background_color_opacity=&#8221;1&#8243; background_hover_color_opacity=&#8221;1&#8243; column_link_target=&#8221;_self&#8221; column_shadow=&#8221;none&#8221; column_border_radius=&#8221;none&#8221; width=&#8221;1\/3&#8243; tablet_width_inherit=&#8221;default&#8221; tablet_text_alignment=&#8221;default&#8221; phone_text_alignment=&#8221;default&#8221; overlay_strength=&#8221;0.3&#8243; column_border_width=&#8221;none&#8221; column_border_style=&#8221;solid&#8221; bg_image_animation=&#8221;none&#8221;][divider line_type=&#8221;No Line&#8221; custom_height=&#8221;75&#8243;][nectar_image_with_hotspots image=&#8221;6578&#8243; preview=&#8221;http:\/\/eurobotik.com\/wp-content\/uploads\/2020\/01\/kondenser-sistemleri-robotik.jpg&#8221; color_1=&#8221;Accent-Color&#8221; hotspot_icon=&#8221;numerical&#8221; tooltip=&#8221;hover&#8221; tooltip_shadow=&#8221;none&#8221;][nectar_hotspot left=&#8221;27.0142%&#8221; top=&#8221;45.0479%&#8221; position=&#8221;top&#8221;]\n<h4>Kondenser Bo\u015faltma \u0130stasyonu<\/h4>\n[\/nectar_hotspot][nectar_hotspot left=&#8221;32.5015%&#8221; top=&#8221;72.4141%&#8221; position=&#8221;top&#8221;]\n<h4>Kondenser Y\u00fckleme \u0130stasyonu<\/h4>\n[\/nectar_hotspot][nectar_hotspot left=&#8221;51.9254%&#8221; top=&#8221;47.2244%&#8221; position=&#8221;top&#8221;]\n<h4>Kondenser Yap\u0131\u015ft\u0131rma \u0130stasyonu<\/h4>\n[\/nectar_hotspot][nectar_hotspot left=&#8221;55.4502%&#8221; top=&#8221;30.3514%&#8221; position=&#8221;top&#8221;]\n<h4>12&#8217;li Bant Yap\u0131\u015ft\u0131rma Tool&#8217;u<\/h4>\n[\/nectar_hotspot][nectar_hotspot left=&#8221;74.4076%&#8221; top=&#8221;23.6422%&#8221; position=&#8221;top&#8221;]\n<h4><\/h4>\n[\/nectar_hotspot][nectar_hotspot left=&#8221;85.4117298578199%&#8221; top=&#8221;55.131789137380196%&#8221; position=&#8221;top&#8221;][\/nectar_hotspot][\/nectar_image_with_hotspots][\/vc_column][\/vc_row][vc_row type=&#8221;in_container&#8221; full_screen_row_position=&#8221;middle&#8221; column_margin=&#8221;default&#8221; scene_position=&#8221;center&#8221; text_color=&#8221;dark&#8221; text_align=&#8221;left&#8221; overlay_strength=&#8221;0.3&#8243; shape_divider_position=&#8221;bottom&#8221; bg_image_animation=&#8221;none&#8221;][vc_column column_padding=&#8221;no-extra-padding&#8221; column_padding_position=&#8221;all&#8221; background_color_opacity=&#8221;1&#8243; background_hover_color_opacity=&#8221;1&#8243; column_link_target=&#8221;_self&#8221; column_shadow=&#8221;none&#8221; column_border_radius=&#8221;none&#8221; width=&#8221;1\/2&#8243; tablet_width_inherit=&#8221;default&#8221; tablet_text_alignment=&#8221;default&#8221; phone_text_alignment=&#8221;default&#8221; overlay_strength=&#8221;0.3&#8243; column_border_width=&#8221;none&#8221; column_border_style=&#8221;solid&#8221; bg_image_animation=&#8221;none&#8221;][nectar_btn size=&#8221;large&#8221; button_style=&#8221;see-through&#8221; button_color_2=&#8221;Accent-Color&#8221; color_override=&#8221;#008173&#8243; icon_family=&#8221;fontawesome&#8221; url=&#8221;https:\/\/eurobotik.com\/en\/robotic-cnc-processing-system\/&#8221; text=&#8221;Robotic CNC Processing System&#8221; icon_fontawesome=&#8221;fa fa-long-arrow-left&#8221;][\/vc_column][vc_column column_padding=&#8221;no-extra-padding&#8221; column_padding_position=&#8221;all&#8221; background_color_opacity=&#8221;1&#8243; background_hover_color_opacity=&#8221;1&#8243; column_link_target=&#8221;_self&#8221; column_shadow=&#8221;none&#8221; column_border_radius=&#8221;none&#8221; width=&#8221;1\/2&#8243; tablet_width_inherit=&#8221;default&#8221; tablet_text_alignment=&#8221;default&#8221; phone_text_alignment=&#8221;default&#8221; overlay_strength=&#8221;0.3&#8243; column_border_width=&#8221;none&#8221; column_border_style=&#8221;solid&#8221; bg_image_animation=&#8221;none&#8221;][\/vc_column][\/vc_row]\n","protected":false},"excerpt":{"rendered":"<p>[vc_row type=&#8221;in_container&#8221; full_screen_row_position=&#8221;middle&#8221; column_margin=&#8221;default&#8221; scene_position=&#8221;center&#8221; text_color=&#8221;dark&#8221; text_align=&#8221;left&#8221; overlay_strength=&#8221;0.3&#8243; shape_divider_position=&#8221;bottom&#8221; bg_image_animation=&#8221;none&#8221;][vc_column column_padding=&#8221;no-extra-padding&#8221; column_padding_position=&#8221;all&#8221; background_color_opacity=&#8221;1&#8243; background_hover_color_opacity=&#8221;1&#8243; column_link_target=&#8221;_self&#8221;&#8230;<\/p>\n","protected":false},"author":4,"featured_media":0,"parent":0,"menu_order":0,"comment_status":"closed","ping_status":"closed","template":"","meta":{"inline_featured_image":false,"footnotes":""},"class_list":["post-7065","page","type-page","status-publish"],"_links":{"self":[{"href":"https:\/\/eurobotik.com\/en\/wp-json\/wp\/v2\/pages\/7065","targetHints":{"allow":["GET"]}}],"collection":[{"href":"https:\/\/eurobotik.com\/en\/wp-json\/wp\/v2\/pages"}],"about":[{"href":"https:\/\/eurobotik.com\/en\/wp-json\/wp\/v2\/types\/page"}],"author":[{"embeddable":true,"href":"https:\/\/eurobotik.com\/en\/wp-json\/wp\/v2\/users\/4"}],"replies":[{"embeddable":true,"href":"https:\/\/eurobotik.com\/en\/wp-json\/wp\/v2\/comments?post=7065"}],"version-history":[{"count":10,"href":"https:\/\/eurobotik.com\/en\/wp-json\/wp\/v2\/pages\/7065\/revisions"}],"predecessor-version":[{"id":8190,"href":"https:\/\/eurobotik.com\/en\/wp-json\/wp\/v2\/pages\/7065\/revisions\/8190"}],"wp:attachment":[{"href":"https:\/\/eurobotik.com\/en\/wp-json\/wp\/v2\/media?parent=7065"}],"curies":[{"name":"wp","href":"https:\/\/api.w.org\/{rel}","templated":true}]}}